{"id":1076,"date":"2022-09-28T09:49:26","date_gmt":"2022-09-28T09:49:26","guid":{"rendered":"https:\/\/www.emergingskills.eu\/rechtliche-hinweise\/"},"modified":"2024-09-04T09:13:38","modified_gmt":"2024-09-04T09:13:38","slug":"rechtliche-hinweise","status":"publish","type":"page","link":"https:\/\/www.emergingskills.eu\/de\/rechtliche-hinweise\/","title":{"rendered":"Rechtliche Hinweise"},"content":{"rendered":"\n<h2 class=\"wp-block-heading\" id=\"1-edition-du-site\">1 &#8211; Bearbeitung der Website<\/h2>\n\n<p>Gem\u00e4\u00df <a href=\"https:\/\/www.legifrance.gouv.fr\/affichTexte.do?cidTexte=JORFTEXT000000801164#LEGIARTI000042038977\" target=\"_blank\" rel=\"noreferrer noopener\">Artikel 6 des Gesetzes Nr. 2004-575 vom 21. Juni 2004<\/a> \u00fcber das Vertrauen in die digitale Wirtschaft wird den Nutzern der Website <strong>https:\/\/www.ecsi-landes.fr,<\/strong> im Folgenden als <strong>Website<\/strong> bezeichnet, die Identit\u00e4t der verschiedenen Akteure im Rahmen der Erstellung und \u00dcberwachung der <strong>Website<\/strong> mitgeteilt:  <\/p>\n\n<ul class=\"wp-block-list\">\n<li><strong>Eigent\u00fcmer der Website<\/strong>: MAISON DE L&#8217;EUROPE DES LANDES WIPSEE  \n<ul class=\"wp-block-list\">\n<li>  SIRET: 85230703200015<\/li>\n\n\n\n<li>Postanschrift: 5 rue de Lesborde 40465 PONTONX SUR L&#8217;ADOUR<\/li>\n\n\n\n<li>Kontakt: ecsilandes@gmail.com<\/li>\n<\/ul>\n<\/li>\n<\/ul>\n\n<ul class=\"wp-block-list\">\n<li><strong>Design und Realisierung: <\/strong>tricorn SAS &#8211; <a href=\"https:\/\/www.tricorn.fr\/\">https:\/\/www.tricorn.fr<\/a> &#8211; Kontakt: bonjour@tricorn.fr.<\/li>\n<\/ul>\n\n<ul class=\"wp-block-list\">\n<li><strong>Hosting:<\/strong> O2Switch &#8211; 222 Boulevard Gustave Flaubert, 63000 Clermont-Ferrand &#8211; Telefon: 04.44.44.60.40<\/li>\n<\/ul>\n\n<hr class=\"wp-block-separator has-alpha-channel-opacity\"\/>\n\n<h2 class=\"wp-block-heading\" id=\"2-propriete-intellectuelle-et-contrefacons\">2 &#8211; Geistiges Eigentum und F\u00e4lschungen.<\/h2>\n\n<p>Der Eigent\u00fcmer dieser Website besitzt das geistige Eigentum und die Nutzungsrechte an allen zug\u00e4nglichen Elementen, einschlie\u00dflich Texten, Bildern, Grafiken, Logos, Videos, Architektur, Ikonen und Sounds dieser Website.<\/p>\n\n<p>Die Vervielf\u00e4ltigung, Darstellung, \u00c4nderung, Ver\u00f6ffentlichung und Anpassung aller oder eines Teils der Elemente der Website, unabh\u00e4ngig von den verwendeten Mitteln oder Verfahren, ist ohne vorherige schriftliche Genehmigung des Eigent\u00fcmers dieser Website untersagt.<\/p>\n\n<p>Jede nicht genehmigte Nutzung der Website oder eines ihrer Elemente wird als F\u00e4lschung angesehen und gem\u00e4\u00df den Bestimmungen der Artikel <a href=\"https:\/\/www.legifrance.gouv.fr\/affichCodeArticle.do?idArticle=LEGIARTI000032655082&amp;cidTexte=LEGITEXT000006069414&amp;dateTexte=20160605\" target=\"_blank\" rel=\"noreferrer noopener\">L.335-2 ff. des Gesetzes \u00fcber geistiges Eigentum<\/a> verfolgt.<\/p>\n\n<hr class=\"wp-block-separator has-alpha-channel-opacity\"\/>\n\n<h2 class=\"wp-block-heading\" id=\"3-limitations-de-responsabilite\">3 &#8211; Haftungsbeschr\u00e4nkungen.<\/h2>\n\n<p>Der Eigent\u00fcmer dieser Website haftet nicht f\u00fcr direkte und indirekte Sch\u00e4den an der Ausr\u00fcstung des Nutzers beim Zugriff auf die Website.<\/p>\n\n<p>Der Eigent\u00fcmer dieser Website \u00fcbernimmt keine Verantwortung f\u00fcr die Nutzung der Informationen und Inhalte auf dieser Website.<\/p>\n\n<p>Der Eigent\u00fcmer dieser Website verpflichtet sich, diese Website so sicher wie m\u00f6glich zu gestalten. Er kann jedoch nicht haftbar gemacht werden, wenn unerw\u00fcnschte Daten ohne sein Wissen auf seine Website importiert und installiert werden.<\/p>\n\n<p>Interaktive Bereiche (Kontakt- oder Kommentarbereich) stehen den Nutzern zur Verf\u00fcgung.\nDer Eigent\u00fcmer dieser Website beh\u00e4lt sich das Recht vor, ohne vorherige Ank\u00fcndigung jeden Inhalt in diesem Bereich zu entfernen, der gegen die in Frankreich geltenden Gesetze und insbesondere die Datenschutzbestimmungen verst\u00f6\u00dft. <\/p>\n\n<p>Gegebenenfalls beh\u00e4lt sich der Eigent\u00fcmer dieser Website auch die M\u00f6glichkeit vor, den Nutzer zivil- und\/oder strafrechtlich haftbar zu machen, insbesondere bei rassistischen, beleidigenden, diffamierenden oder pornografischen Mitteilungen, unabh\u00e4ngig von den verwendeten Medien (Text, Fotografie &#8230;).<\/p>\n\n<hr class=\"wp-block-separator has-alpha-channel-opacity\"\/>\n\n<h2 class=\"wp-block-heading\" id=\"4-cnil-et-gestion-des-donnees-personnelles\">4 &#8211; CNIL und Umgang mit pers\u00f6nlichen Daten.<\/h2>\n\n<p>Gem\u00e4\u00df den Bestimmungen des <a rel=\"noreferrer noopener\" href=\"https:\/\/www.legifrance.gouv.fr\/affichTexte.do?cidTexte=JORFTEXT000000886460\" target=\"_blank\">Gesetzes 78-17 vom 6. Januar 1978 in der ge\u00e4nderten<\/a> Fassung hat der Nutzer dieser Website ein Recht auf Zugang, \u00c4nderung und L\u00f6schung der gesammelten Informationen.\nUm von diesem Recht Gebrauch zu machen, senden Sie bitte eine Nachricht an unseren Datenschutzbeauftragten. <\/p>\n\n<p>Weitere Informationen dar\u00fcber, wie wir Ihre Daten verarbeiten (Art der Daten, Zweck, Empf\u00e4nger&#8230;), finden Sie in unserer <a href=\"https:\/\/www.ecsi-landes.fr\/declaration-de-confidentialite-ue\/\" data-type=\"page\" data-id=\"32\">Datenschutzrichtlinie<\/a>.<\/p>\n\n<hr class=\"wp-block-separator has-alpha-channel-opacity\"\/>\n\n<h2 class=\"wp-block-heading\" id=\"5-liens-hypertextes-et-cookies\">5 &#8211; Hyperlinks und Cookies<\/h2>\n\n<p>Diese Website enth\u00e4lt Hyperlinks zu anderen Websites und \u00fcbernimmt keine Verantwortung f\u00fcr diese externen Links oder f\u00fcr Links, die von anderen Websites zu dieser Website erstellt wurden.<\/p>\n\n<p>Das Surfen auf dieser Website kann zur Installation von Cookies auf dem Computer des Nutzers f\u00fchren.<\/p>\n\n<p>Ein &#8222;Cookie&#8220; ist eine kleine Datei, die Informationen \u00fcber die Navigation eines Benutzers auf einer Website speichert.\nDie so erhaltenen Daten k\u00f6nnen z.B. f\u00fcr die Messung der Besucherzahlen verwendet werden. <\/p>\n\n<p>Sie haben die M\u00f6glichkeit <strong>, Cookies zu akzeptieren oder abzulehnen<\/strong>, indem Sie die Einstellungen Ihres Browsers \u00e4ndern.\nOhne Ihre Zustimmung werden keine Cookies gesetzt. <\/p>\n\n<p>Cookies werden f\u00fcr eine Dauer von maximal 12 Monaten gespeichert.<\/p>\n\n<p>F\u00fcr weitere Informationen dar\u00fcber, wie wir Cookies verwenden, <a href=\"https:\/\/www.ecsi-landes.fr\/politique-de-cookies-eu\/\" data-type=\"page\" data-id=\"31\">lesen Sie bitte unsere Cookie-Richtlinie<\/a>.<\/p>\n\n<hr class=\"wp-block-separator has-alpha-channel-opacity\"\/>\n\n<h2 class=\"wp-block-heading\" id=\"6-droit-applicable-et-attribution-de-juridiction\">6 &#8211; Anwendbares Recht und Gerichtsstand.<\/h2>\n\n<p>Alle Streitigkeiten im Zusammenhang mit der Nutzung dieser franz\u00f6sischen Website unterliegen dem franz\u00f6sischen Recht.\nAu\u00dfer in F\u00e4llen, in denen dies gesetzlich nicht zul\u00e4ssig ist, wird die ausschlie\u00dfliche Zust\u00e4ndigkeit den Gerichten zugewiesen, die f\u00fcr den Wohnort des Eigent\u00fcmers dieser Website zust\u00e4ndig sind. <\/p>\n\n<p><\/p>\n","protected":false},"excerpt":{"rendered":"<p>1 &#8211; Bearbeitung der Website Gem\u00e4\u00df Artikel 6 des Gesetzes Nr. 2004-575 vom 21. Juni 2004 \u00fcber das Vertrauen in die digitale Wirtschaft wird den Nutzern der Website https:\/\/www.ecsi-landes.fr, im Folgenden als Website bezeichnet, die Identit\u00e4t der verschiedenen Akteure im Rahmen der Erstellung und \u00dcberwachung der Website mitgeteilt: 2 &#8211; Geistiges Eigentum und F\u00e4lschungen. Der [&hellip;]<\/p>\n","protected":false},"author":1,"featured_media":0,"parent":0,"menu_order":0,"comment_status":"closed","ping_status":"closed","template":"","meta":{"_acf_changed":false,"inline_featured_image":false,"footnotes":""},"categories":[58],"tags":[],"class_list":["post-1076","page","type-page","status-publish","hentry","category-recht"],"acf":[],"_links":{"self":[{"href":"https:\/\/www.emergingskills.eu\/de\/wp-json\/wp\/v2\/pages\/1076","targetHints":{"allow":["GET"]}}],"collection":[{"href":"https:\/\/www.emergingskills.eu\/de\/wp-json\/wp\/v2\/pages"}],"about":[{"href":"https:\/\/www.emergingskills.eu\/de\/wp-json\/wp\/v2\/types\/page"}],"author":[{"embeddable":true,"href":"https:\/\/www.emergingskills.eu\/de\/wp-json\/wp\/v2\/users\/1"}],"replies":[{"embeddable":true,"href":"https:\/\/www.emergingskills.eu\/de\/wp-json\/wp\/v2\/comments?post=1076"}],"version-history":[{"count":1,"href":"https:\/\/www.emergingskills.eu\/de\/wp-json\/wp\/v2\/pages\/1076\/revisions"}],"predecessor-version":[{"id":1078,"href":"https:\/\/www.emergingskills.eu\/de\/wp-json\/wp\/v2\/pages\/1076\/revisions\/1078"}],"wp:attachment":[{"href":"https:\/\/www.emergingskills.eu\/de\/wp-json\/wp\/v2\/media?parent=1076"}],"wp:term":[{"taxonomy":"category","embeddable":true,"href":"https:\/\/www.emergingskills.eu\/de\/wp-json\/wp\/v2\/categories?post=1076"},{"taxonomy":"post_tag","embeddable":true,"href":"https:\/\/www.emergingskills.eu\/de\/wp-json\/wp\/v2\/tags?post=1076"}],"curies":[{"name":"wp","href":"https:\/\/api.w.org\/{rel}","templated":true}]}}