{"id":1079,"date":"2022-09-28T09:06:30","date_gmt":"2022-09-28T09:06:30","guid":{"rendered":"https:\/\/www.emergingskills.eu\/datenschutzerklaerung-eu\/"},"modified":"2024-09-04T09:13:39","modified_gmt":"2024-09-04T09:13:39","slug":"datenschutzerklaerung-eu","status":"publish","type":"page","link":"https:\/\/www.emergingskills.eu\/de\/datenschutzerklaerung-eu\/","title":{"rendered":"Datenschutzerkl\u00e4rung (EU)"},"content":{"rendered":"\n<p>In dieser Datenschutzerkl\u00e4rung erl\u00e4utern wir, was wir mit den Daten tun, die wir \u00fcber <a href=\"https:\/\/www.ecsi-landes.fr\/\" data-type=\"page\" data-id=\"24\">diese Website<\/a> \u00fcber Sie erhalten.\nWir empfehlen Ihnen, diese Erkl\u00e4rung sorgf\u00e4ltig zu lesen.\nBei der Verarbeitung unserer Daten halten wir uns an die Anforderungen der Datenschutzgesetzgebung.\nDies bedeutet unter anderem, dass :   <\/p>\n\n<ul class=\"wp-block-list\">\n<li>Wir geben deutlich an, zu welchen Zwecken wir personenbezogene Daten verarbeiten.\nWir tun dies mit Hilfe dieser Datenschutzerkl\u00e4rung ; <\/li>\n\n\n\n<li>Wir sind bestrebt, unsere Sammlung personenbezogener Daten auf diejenigen personenbezogenen Daten zu beschr\u00e4nken, die f\u00fcr legitime Zwecke erforderlich sind;<\/li>\n\n\n\n<li>Wir holen zun\u00e4chst Ihre ausdr\u00fcckliche Zustimmung ein, um Ihre pers\u00f6nlichen Daten in F\u00e4llen zu verarbeiten, die Ihre Zustimmung erfordern;<\/li>\n\n\n\n<li>Wir ergreifen angemessene Sicherheitsma\u00dfnahmen, um Ihre pers\u00f6nlichen Daten zu sch\u00fctzen, und wir verlangen dasselbe von den Parteien, die pers\u00f6nliche Daten f\u00fcr uns verarbeiten;<\/li>\n\n\n\n<li>Wir respektieren Ihr Recht, Ihre pers\u00f6nlichen Daten einzusehen, zu korrigieren oder zu l\u00f6schen, wenn Sie dies beantragen.<\/li>\n<\/ul>\n\n<p>Wenn Sie Fragen haben oder genau wissen m\u00f6chten, welche Daten wir speichern, setzen Sie sich bitte mit uns in Verbindung.<\/p>\n\n<div style=\"height:50px\" aria-hidden=\"true\" class=\"wp-block-spacer\"><\/div>\n\n<h2 class=\"wp-block-heading\">1. Zweck, Daten und Aufbewahrungsdauer<\/h2>\n\n<p>Wir k\u00f6nnen pers\u00f6nliche Informationen aus einer Reihe von Gr\u00fcnden sammeln oder erhalten, die mit unseren Gesch\u00e4ftsaktivit\u00e4ten verbunden sind, einschlie\u00dflich der folgenden: (zum Ausklappen anklicken)  <\/p>\n\n<div style=\"height:50px\" aria-hidden=\"true\" class=\"wp-block-spacer\"><\/div>\n\n<h3 class=\"wp-block-heading\">1.1 Kontakt &#8211; Telefon, Post, E-Mail und\/oder Webformulare<\/h3>\n\n<p>Zu diesem Zweck verwenden wir die folgenden Daten:<\/p>\n\n<ul class=\"wp-block-list\">\n<li>Name, Adresse und Stadt<\/li>\n\n\n\n<li>E-Mail-Adresse<\/li>\n\n\n\n<li>Telefonnummer<\/li>\n<\/ul>\n\n<p><strong>Die Grundlage, auf der wir diese Daten verarbeiten k\u00f6nnen, ist :<\/strong><\/p>\n\n<p><a rel=\"noreferrer noopener\" href=\"https:\/\/cookiedatabase.org\/legal-bases\/#consent\" target=\"_blank\">Nachdem er seine Zustimmung gegeben hat.<\/a><\/p>\n\n<p><strong>Haltbarkeitsdauer<\/strong><\/p>\n\n<p>Wir speichern diese Daten bis zum Ende des Dienstes.<\/p>\n\n<div style=\"height:50px\" aria-hidden=\"true\" class=\"wp-block-spacer\"><\/div>\n\n<p><a rel=\"noreferrer noopener\" href=\"https:\/\/cookiedatabase.org\/legal-bases\/#consent\" target=\"_blank\"><\/a><\/p>\n\n<h3 class=\"wp-block-heading\">1.2 Um den gesetzlichen Verpflichtungen nachkommen zu k\u00f6nnen<\/h3>\n\n<p>Zu diesem Zweck verwenden wir die folgenden Daten:<\/p>\n\n<ul class=\"wp-block-list\">\n<li>IP-Adresse<\/li>\n<\/ul>\n\n<p>Die Grundlage, auf der wir diese Daten verarbeiten k\u00f6nnen<a target=\"_blank\" rel=\"noreferrer noopener\" href=\"https:\/\/cookiedatabase.org\/legal-bases\/#consent\">,<\/a> ist<a target=\"_blank\" rel=\"noreferrer noopener\" href=\"https:\/\/cookiedatabase.org\/legal-bases\/#consent\">: Nachdem Sie Ihre Zustimmung gegeben haben.<\/a><\/p>\n\n<p><strong>Haltbarkeitsdauer<\/strong><\/p>\n\n<p>Wir speichern diese Daten bis zum Ende des Dienstes.<\/p>\n\n<div style=\"height:50px\" aria-hidden=\"true\" class=\"wp-block-spacer\"><\/div>\n\n<p><a rel=\"noreferrer noopener\" href=\"https:\/\/cookiedatabase.org\/legal-bases\/#consent\" target=\"_blank\"><\/a><\/p>\n\n<h3 class=\"wp-block-heading\">1.3 Zusammenstellung und Analyse von Statistiken zur Verbesserung der Website.<\/h3>\n\n<p>Zu diesem Zweck verwenden wir die folgenden Daten:<\/p>\n\n<ul class=\"wp-block-list\">\n<li>Name, Adresse und Stadt<\/li>\n\n\n\n<li>IP-Adresse<\/li>\n<\/ul>\n\n<p>Die Grundlage, auf der wir diese Daten verarbeiten k\u00f6nnen<a target=\"_blank\" rel=\"noreferrer noopener\" href=\"https:\/\/cookiedatabase.org\/legal-bases\/#consent\">,<\/a> ist<a target=\"_blank\" rel=\"noreferrer noopener\" href=\"https:\/\/cookiedatabase.org\/legal-bases\/#consent\">: Nachdem Sie Ihre Zustimmung gegeben haben.<\/a><\/p>\n\n<p><strong>Haltbarkeitsdauer<\/strong><\/p>\n\n<p>Wir speichern diese Daten bis zum Ende des Dienstes.<\/p>\n\n<p>Zu diesem Zweck verwenden wir die folgenden Daten:<\/p>\n\n<ul class=\"wp-block-list\">\n<li>Name, Adresse und Stadt<\/li>\n\n\n\n<li>IP-Adresse<\/li>\n<\/ul>\n\n<p>Die Grundlage, auf der wir diese Daten verarbeiten k\u00f6nnen<a target=\"_blank\" rel=\"noreferrer noopener\" href=\"https:\/\/cookiedatabase.org\/legal-bases\/#consent\">,<\/a> ist<a target=\"_blank\" rel=\"noreferrer noopener\" href=\"https:\/\/cookiedatabase.org\/legal-bases\/#consent\">: Nachdem Sie Ihre Zustimmung gegeben haben.<\/a><\/p>\n\n<p>Haltbarkeitsdauer<\/p>\n\n<p>Wir speichern diese Daten bis zum Ende des Dienstes.<\/p>\n\n<div style=\"height:50px\" aria-hidden=\"true\" class=\"wp-block-spacer\"><\/div>\n\n<p><a rel=\"noreferrer noopener\" href=\"https:\/\/cookiedatabase.org\/legal-bases\/#consent\" target=\"_blank\"><\/a><\/p>\n\n<h2 class=\"wp-block-heading\">2. Weitergabe an andere Parteien<\/h2>\n\n<p>Wir teilen oder ver\u00f6ffentlichen diese Daten mit Subunternehmern nur zu den folgenden Zwecken:<\/p>\n\n<ul class=\"wp-block-list\">\n<li>Zusammenstellung der erhaltenen Daten zum Zweck der Bewertung der Qualit\u00e4t unserer Dienstleistung<\/li>\n<\/ul>\n\n<p><\/p>\n\n<p><strong>Subunternehmer<\/strong><\/p>\n\n<ul class=\"wp-block-list\">\n<li>Google Analytics<\/li>\n<\/ul>\n\n<div style=\"height:50px\" aria-hidden=\"true\" class=\"wp-block-spacer\"><\/div>\n\n<h2 class=\"wp-block-heading\">3. Cookies<\/h2>\n\n<p>Unsere Website verwendet Cookies.\nF\u00fcr weitere Informationen \u00fcber Cookies lesen Sie bitte unsere <a href=\"https:\/\/www.ecsi-landes.fr\/politique-de-cookies-eu\/\" data-type=\"page\" data-id=\"31\">Cookie-Richtlinie<\/a>.   <\/p>\n\n<div style=\"height:50px\" aria-hidden=\"true\" class=\"wp-block-spacer\"><\/div>\n\n<h2 class=\"wp-block-heading\">4. Sicherheit<\/h2>\n\n<p>Wir verpflichten uns zur Sicherheit der pers\u00f6nlichen Daten.\nWir ergreifen geeignete Sicherheitsma\u00dfnahmen, um den Missbrauch und den unbefugten Zugriff auf pers\u00f6nliche Daten zu begrenzen.\nDadurch wird sichergestellt, dass nur die erforderlichen Personen Zugang zu Ihren Daten haben, dass der Zugang zu den Daten gesch\u00fctzt ist und dass unsere Sicherheitsma\u00dfnahmen regelm\u00e4\u00dfig \u00fcberpr\u00fcft werden.    <\/p>\n\n<div style=\"height:50px\" aria-hidden=\"true\" class=\"wp-block-spacer\"><\/div>\n\n<h2 class=\"wp-block-heading\">5. Webseiten Dritter<\/h2>\n\n<p>Diese Datenschutzerkl\u00e4rung gilt nicht f\u00fcr die Webseiten Dritter, die \u00fcber Links mit unserer Webseite verbunden sind.\nWir k\u00f6nnen nicht garantieren, dass diese Drittparteien Ihre pers\u00f6nlichen Daten auf zuverl\u00e4ssige oder sichere Weise verwalten.\nWir empfehlen Ihnen, die Datenschutzerkl\u00e4rungen dieser Webseiten zu lesen, bevor Sie diese nutzen.    <\/p>\n\n<div style=\"height:50px\" aria-hidden=\"true\" class=\"wp-block-spacer\"><\/div>\n\n<h2 class=\"wp-block-heading\">6. \u00c4nderungen an dieser Datenschutzerkl\u00e4rung<\/h2>\n\n<p>Wir behalten uns das Recht vor, diese Datenschutzerkl\u00e4rung zu \u00e4ndern.\nWir empfehlen Ihnen, diese Datenschutzerkl\u00e4rung regelm\u00e4\u00dfig zu lesen, um sich \u00fcber eventuelle \u00c4nderungen zu informieren.\nDar\u00fcber hinaus werden wir Sie aktiv informieren, soweit dies m\u00f6glich ist.    <\/p>\n\n<div style=\"height:50px\" aria-hidden=\"true\" class=\"wp-block-spacer\"><\/div>\n\n<h2 class=\"wp-block-heading\">7. Zugriff auf Ihre Daten und deren \u00c4nderung<\/h2>\n\n<p>Wenn Sie Fragen haben oder wissen m\u00f6chten, welche pers\u00f6nlichen Daten wir \u00fcber Sie gespeichert haben, kontaktieren Sie uns bitte.\nSie k\u00f6nnen uns \u00fcber die nachstehenden Informationen kontaktieren.\nSie haben die folgenden Rechte:  <\/p>\n\n<ul class=\"wp-block-list\">\n<li>Sie haben das Recht zu erfahren, warum Ihre pers\u00f6nlichen Daten ben\u00f6tigt werden, was mit ihnen geschieht und wie lange sie aufbewahrt werden.<\/li>\n\n\n\n<li>Recht auf Zugang: Sie haben das Recht, auf Ihre pers\u00f6nlichen Daten, die uns bekannt sind, zuzugreifen.<\/li>\n\n\n\n<li>Recht auf Berichtigung: Sie haben jederzeit das Recht, Ihre pers\u00f6nlichen Daten zu erg\u00e4nzen, zu korrigieren, l\u00f6schen zu lassen oder zu sperren.<\/li>\n\n\n\n<li>Wenn Sie uns Ihre Zustimmung zur Verarbeitung Ihrer Daten gegeben haben, haben Sie das Recht, diese Zustimmung zu widerrufen und Ihre pers\u00f6nlichen Daten l\u00f6schen zu lassen.<\/li>\n\n\n\n<li>Recht auf \u00dcbertragung Ihrer Daten: Sie haben das Recht, alle Ihre personenbezogenen Daten von dem f\u00fcr die Verarbeitung Verantwortlichen anzufordern und sie in ihrer Gesamtheit an einen anderen f\u00fcr die Verarbeitung Verantwortlichen zu \u00fcbertragen.<\/li>\n\n\n\n<li>Widerspruchsrecht: Sie k\u00f6nnen gegen die Verarbeitung Ihrer Daten Widerspruch einlegen.\nWir werden dem nachkommen, es sei denn, es gibt Gr\u00fcnde, die die Verarbeitung rechtfertigen. <\/li>\n<\/ul>\n\n<p>Stellen Sie sicher, dass Sie immer klar angeben, wer Sie sind, so dass wir sicher sein k\u00f6nnen, dass wir nicht die Daten der falschen Person \u00e4ndern oder l\u00f6schen.<\/p>\n\n<div style=\"height:50px\" aria-hidden=\"true\" class=\"wp-block-spacer\"><\/div>\n\n<h2 class=\"wp-block-heading\">8. Eine Beschwerde einreichen<\/h2>\n\n<p>Wenn Sie mit der Art und Weise, wie wir Ihre pers\u00f6nlichen Daten verarbeiten (eine Beschwerde \u00fcber), nicht zufrieden sind, haben Sie das Recht, eine Beschwerde bei der Datenschutzbeh\u00f6rde einzureichen.  <\/p>\n\n<div style=\"height:50px\" aria-hidden=\"true\" class=\"wp-block-spacer\"><\/div>\n","protected":false},"excerpt":{"rendered":"<p>In dieser Datenschutzerkl\u00e4rung erl\u00e4utern wir, was wir mit den Daten tun, die wir \u00fcber diese Website \u00fcber Sie erhalten. Wir empfehlen Ihnen, diese Erkl\u00e4rung sorgf\u00e4ltig zu lesen. Bei der Verarbeitung unserer Daten halten wir uns an die Anforderungen der Datenschutzgesetzgebung. Dies bedeutet unter anderem, dass : Wenn Sie Fragen haben oder genau wissen m\u00f6chten, welche [&hellip;]<\/p>\n","protected":false},"author":1,"featured_media":0,"parent":0,"menu_order":0,"comment_status":"closed","ping_status":"closed","template":"","meta":{"_acf_changed":false,"inline_featured_image":false,"footnotes":""},"categories":[58],"tags":[],"class_list":["post-1079","page","type-page","status-publish","hentry","category-recht"],"acf":[],"_links":{"self":[{"href":"https:\/\/www.emergingskills.eu\/de\/wp-json\/wp\/v2\/pages\/1079","targetHints":{"allow":["GET"]}}],"collection":[{"href":"https:\/\/www.emergingskills.eu\/de\/wp-json\/wp\/v2\/pages"}],"about":[{"href":"https:\/\/www.emergingskills.eu\/de\/wp-json\/wp\/v2\/types\/page"}],"author":[{"embeddable":true,"href":"https:\/\/www.emergingskills.eu\/de\/wp-json\/wp\/v2\/users\/1"}],"replies":[{"embeddable":true,"href":"https:\/\/www.emergingskills.eu\/de\/wp-json\/wp\/v2\/comments?post=1079"}],"version-history":[{"count":1,"href":"https:\/\/www.emergingskills.eu\/de\/wp-json\/wp\/v2\/pages\/1079\/revisions"}],"predecessor-version":[{"id":1080,"href":"https:\/\/www.emergingskills.eu\/de\/wp-json\/wp\/v2\/pages\/1079\/revisions\/1080"}],"wp:attachment":[{"href":"https:\/\/www.emergingskills.eu\/de\/wp-json\/wp\/v2\/media?parent=1079"}],"wp:term":[{"taxonomy":"category","embeddable":true,"href":"https:\/\/www.emergingskills.eu\/de\/wp-json\/wp\/v2\/categories?post=1079"},{"taxonomy":"post_tag","embeddable":true,"href":"https:\/\/www.emergingskills.eu\/de\/wp-json\/wp\/v2\/tags?post=1079"}],"curies":[{"name":"wp","href":"https:\/\/api.w.org\/{rel}","templated":true}]}}