{"id":955,"date":"2022-09-28T09:06:30","date_gmt":"2022-09-28T09:06:30","guid":{"rendered":"https:\/\/www.emergingskills.eu\/cookie-richtlinie-eu\/"},"modified":"2024-09-04T09:12:31","modified_gmt":"2024-09-04T09:12:31","slug":"cookie-richtlinie-eu","status":"publish","type":"page","link":"https:\/\/www.emergingskills.eu\/de\/cookie-richtlinie-eu\/","title":{"rendered":"Cookie-Richtlinie (EU)"},"content":{"rendered":"\n<h2 class=\"wp-block-heading\">1. Einf\u00fchrung<\/h2>\n\n<p>Unsere Website, <a href=\"https:\/\/www.ecsi-landes.fr\/\">https:\/\/www.ecsi-landes.fr\/<\/a> (im Folgenden: &#8222;die Website&#8220;), verwendet Cookies und andere verwandte Technologien (der Einfachheit halber werden alle diese Technologien als &#8222;Cookies&#8220; bezeichnet).\nCookies werden auch von Dritten platziert, die wir beauftragt haben.\nIm folgenden Dokument informieren wir Sie \u00fcber die Verwendung von Cookies auf unserer Website.  <\/p>\n\n<div style=\"height:50px\" aria-hidden=\"true\" class=\"wp-block-spacer\"><\/div>\n\n<h2 class=\"wp-block-heading\">2. Was sind Cookies?<\/h2>\n\n<p>Ein Cookie ist eine kleine, einfache Datei, die mit den Seiten dieser Website gesendet und von Ihrem Browser auf der Festplatte Ihres Computers oder eines anderen Ger\u00e4ts gespeichert wird.\nDie darin gespeicherten Informationen k\u00f6nnen bei einem sp\u00e4teren Besuch an unsere Server oder die Server der betreffenden Dritten zur\u00fcckgesandt werden. <\/p>\n\n<div style=\"height:50px\" aria-hidden=\"true\" class=\"wp-block-spacer\"><\/div>\n\n<h2 class=\"wp-block-heading\">3. Was sind Skripte?<\/h2>\n\n<p>Ein Skript ist ein St\u00fcck Code, das verwendet wird, damit unsere Website korrekt und interaktiv funktioniert.\nDieser Code wird auf unserem Server oder auf Ihrem Ger\u00e4t ausgef\u00fchrt. <\/p>\n\n<div style=\"height:50px\" aria-hidden=\"true\" class=\"wp-block-spacer\"><\/div>\n\n<h2 class=\"wp-block-heading\">4. Was ist ein unsichtbarer Tag?<\/h2>\n\n<p>Ein unsichtbares Tag (oder Web Beacon) ist ein kleines, unsichtbares St\u00fcck Text oder Bild auf einer Website, das verwendet wird, um den Datenverkehr auf einer Website zu verfolgen.\nZu diesem Zweck werden verschiedene Daten \u00fcber Sie mit Hilfe von unsichtbaren Tags gespeichert. <\/p>\n\n<div style=\"height:50px\" aria-hidden=\"true\" class=\"wp-block-spacer\"><\/div>\n\n<h2 class=\"wp-block-heading\">5. Cookies<\/h2>\n\n<p>5.1 Technische oder funktionelle Cookies<\/p>\n\n<p>Einige Cookies sorgen daf\u00fcr, dass bestimmte Teile der Website korrekt funktionieren und dass Ihre Pr\u00e4ferenzen als Nutzer ber\u00fccksichtigt werden.\nDurch das Setzen von funktionalen Cookies erleichtern wir Ihnen den Besuch unserer Website.\nSo m\u00fcssen Sie beim Besuch unserer Website nicht mehrmals dieselben Informationen eingeben und beispielsweise bleiben die Artikel in Ihrem Warenkorb, bis Sie bezahlt haben.\nWir k\u00f6nnen diese Cookies ohne Ihre Zustimmung setzen.   <\/p>\n\n<div style=\"height:50px\" aria-hidden=\"true\" class=\"wp-block-spacer\"><\/div>\n\n<p>5.2 Marketing-\/Nachverfolgungs-Cookies<\/p>\n\n<p>Marketing-\/Tracking-Cookies sind Cookies oder andere Formen der lokalen Speicherung, die verwendet werden, um Nutzerprofile zu erstellen, um Werbung anzuzeigen oder den Nutzer auf dieser Website oder \u00fcber mehrere Websites hinweg zu \u00e4hnlichen Marketingzwecken zu verfolgen.<\/p>\n\n<div style=\"height:50px\" aria-hidden=\"true\" class=\"wp-block-spacer\"><\/div>\n\n<h2 class=\"wp-block-heading\">6. Zustimmung<\/h2>\n\n<p>Wenn Sie unsere Website zum ersten Mal besuchen, zeigen wir Ihnen ein Popup-Fenster mit einer Erkl\u00e4rung zu Cookies.\nSobald Sie auf &#8222;Einstellungen speichern&#8220; klicken, erlauben Sie uns, die Kategorien von Cookies und Erweiterungen zu verwenden, die Sie im Popup-Fenster ausgew\u00e4hlt haben, wie in dieser Cookie-Richtlinie beschrieben.\nSie k\u00f6nnen die Verwendung von Cookies \u00fcber Ihren Browser deaktivieren, aber bitte beachten Sie, dass unsere Website dann m\u00f6glicherweise nicht mehr richtig funktioniert.  <\/p>\n\n<div style=\"height:50px\" aria-hidden=\"true\" class=\"wp-block-spacer\"><\/div>\n\n<h2 class=\"wp-block-heading\">7. Ihre Rechte in Bezug auf pers\u00f6nliche Daten<\/h2>\n\n<p>Sie haben die folgenden Rechte in Bezug auf Ihre pers\u00f6nlichen Daten:<\/p>\n\n<ul class=\"wp-block-list\">\n<li>Sie haben das Recht zu erfahren, warum Ihre pers\u00f6nlichen Daten ben\u00f6tigt werden, was mit ihnen geschieht und wie lange sie aufbewahrt werden.<\/li>\n\n\n\n<li>Recht auf Zugang: Sie haben das Recht, auf Ihre pers\u00f6nlichen Daten, die uns bekannt sind, zuzugreifen.<\/li>\n\n\n\n<li>Recht auf Berichtigung: Sie haben jederzeit das Recht, Ihre pers\u00f6nlichen Daten zu erg\u00e4nzen, zu korrigieren, l\u00f6schen zu lassen oder zu sperren.<\/li>\n\n\n\n<li>Wenn Sie uns Ihre Zustimmung zur Verarbeitung Ihrer Daten gegeben haben, haben Sie das Recht, diese Zustimmung zu widerrufen und Ihre pers\u00f6nlichen Daten l\u00f6schen zu lassen.<\/li>\n\n\n\n<li>Recht auf \u00dcbertragung Ihrer Daten: Sie haben das Recht, alle Ihre personenbezogenen Daten von dem f\u00fcr die Verarbeitung Verantwortlichen anzufordern und sie in ihrer Gesamtheit an einen anderen f\u00fcr die Verarbeitung Verantwortlichen zu \u00fcbertragen.<\/li>\n\n\n\n<li>Widerspruchsrecht: Sie k\u00f6nnen gegen die Verarbeitung Ihrer Daten Widerspruch einlegen.\nWir werden dem nachkommen, es sei denn, es gibt Gr\u00fcnde, die die Verarbeitung rechtfertigen. <\/li>\n<\/ul>\n\n<p>Um diese Rechte auszu\u00fcben, kontaktieren Sie uns bitte.\nBitte beziehen Sie sich auf die Kontaktdaten am Ende dieser Cookie-Richtlinie.\nWenn Sie eine Beschwerde \u00fcber die Art und Weise haben, wie wir Ihre Daten verarbeiten, w\u00fcrden wir gerne dar\u00fcber informiert werden, aber Sie haben auch das Recht, eine Beschwerde bei der Aufsichtsbeh\u00f6rde (der Datenschutzbeh\u00f6rde, wie z.B. dem EDSB) einzureichen.  <\/p>\n\n<div style=\"height:50px\" aria-hidden=\"true\" class=\"wp-block-spacer\"><\/div>\n\n<h2 class=\"wp-block-heading\">8. Aktivierung\/Deaktivierung und L\u00f6schung von Cookies<\/h2>\n\n<p>Sie k\u00f6nnen Ihren Internetbrowser verwenden, um Cookies automatisch oder manuell zu l\u00f6schen.\nSie k\u00f6nnen auch festlegen, dass bestimmte Cookies nicht platziert werden d\u00fcrfen.\nEine weitere Option besteht darin, die Einstellungen Ihres Internetbrowsers so zu \u00e4ndern, dass Sie jedes Mal eine Nachricht erhalten, wenn ein Cookie gesetzt wird.\nWeitere Informationen zu diesen Optionen finden Sie in der Hilfe Ihres Browsers.   <\/p>\n\n<p>Bitte beachten Sie, dass unsere Website m\u00f6glicherweise nicht richtig funktioniert, wenn alle Cookies deaktiviert sind.\nWenn Sie die Cookies in Ihrem Browser l\u00f6schen, werden sie nach Ihrer Zustimmung wieder gesetzt, wenn Sie unsere Webseiten erneut besuchen. <\/p>\n\n<div style=\"height:50px\" aria-hidden=\"true\" class=\"wp-block-spacer\"><\/div>\n","protected":false},"excerpt":{"rendered":"<p>1. Einf\u00fchrung Unsere Website, https:\/\/www.ecsi-landes.fr\/ (im Folgenden: &#8222;die Website&#8220;), verwendet Cookies und andere verwandte Technologien (der Einfachheit halber werden alle diese Technologien als &#8222;Cookies&#8220; bezeichnet). Cookies werden auch von Dritten platziert, die wir beauftragt haben. Im folgenden Dokument informieren wir Sie \u00fcber die Verwendung von Cookies auf unserer Website. 2. Was sind Cookies? Ein Cookie [&hellip;]<\/p>\n","protected":false},"author":1,"featured_media":0,"parent":0,"menu_order":0,"comment_status":"closed","ping_status":"closed","template":"","meta":{"_acf_changed":false,"inline_featured_image":false,"footnotes":""},"categories":[58],"tags":[],"class_list":["post-955","page","type-page","status-publish","hentry","category-recht"],"acf":[],"_links":{"self":[{"href":"https:\/\/www.emergingskills.eu\/de\/wp-json\/wp\/v2\/pages\/955","targetHints":{"allow":["GET"]}}],"collection":[{"href":"https:\/\/www.emergingskills.eu\/de\/wp-json\/wp\/v2\/pages"}],"about":[{"href":"https:\/\/www.emergingskills.eu\/de\/wp-json\/wp\/v2\/types\/page"}],"author":[{"embeddable":true,"href":"https:\/\/www.emergingskills.eu\/de\/wp-json\/wp\/v2\/users\/1"}],"replies":[{"embeddable":true,"href":"https:\/\/www.emergingskills.eu\/de\/wp-json\/wp\/v2\/comments?post=955"}],"version-history":[{"count":1,"href":"https:\/\/www.emergingskills.eu\/de\/wp-json\/wp\/v2\/pages\/955\/revisions"}],"predecessor-version":[{"id":960,"href":"https:\/\/www.emergingskills.eu\/de\/wp-json\/wp\/v2\/pages\/955\/revisions\/960"}],"wp:attachment":[{"href":"https:\/\/www.emergingskills.eu\/de\/wp-json\/wp\/v2\/media?parent=955"}],"wp:term":[{"taxonomy":"category","embeddable":true,"href":"https:\/\/www.emergingskills.eu\/de\/wp-json\/wp\/v2\/categories?post=955"},{"taxonomy":"post_tag","embeddable":true,"href":"https:\/\/www.emergingskills.eu\/de\/wp-json\/wp\/v2\/tags?post=955"}],"curies":[{"name":"wp","href":"https:\/\/api.w.org\/{rel}","templated":true}]}}