{"id":1085,"date":"2022-09-28T09:06:30","date_gmt":"2022-09-28T09:06:30","guid":{"rendered":"https:\/\/www.emergingskills.eu\/slapuku-politika-es\/"},"modified":"2024-09-04T09:13:46","modified_gmt":"2024-09-04T09:13:46","slug":"slapuku-politika-es","status":"publish","type":"page","link":"https:\/\/www.emergingskills.eu\/lt\/slapuku-politika-es\/","title":{"rendered":"Slapuk\u0173 politika (ES)"},"content":{"rendered":"\n<h2 class=\"wp-block-heading\">1. \u012evadas<\/h2>\n\n<p>M\u016bs\u0173 svetain\u0117je <a href=\"https:\/\/www.ecsi-landes.fr\/\">https:\/\/www.ecsi-landes.fr\/<\/a> (toliau &#8211; svetain\u0117) naudojami slapukai ir kitos susijusios technologijos (paprastumo d\u0117lei visos \u0161ios technologijos vadinamos slapukais).\nSlapukus taip pat naudoja m\u016bs\u0173 pasitelktos tre\u010diosios \u0161alys.\nToliau pateiktame dokumente informuojame jus apie slapuk\u0173 naudojim\u0105 m\u016bs\u0173 interneto svetain\u0117je.  <\/p>\n\n<div style=\"height:50px\" aria-hidden=\"true\" class=\"wp-block-spacer\"><\/div>\n\n<h2 class=\"wp-block-heading\">2. Kas yra slapukai?<\/h2>\n\n<p>Slapukas &#8211; tai nedidelis paprastas failas, siun\u010diamas kartu su \u0161ios svetain\u0117s puslapiais ir j\u016bs\u0173 nar\u0161ykl\u0117s saugomas j\u016bs\u0173 kompiuterio ar kito \u012frenginio kietajame diske.\nJame i\u0161saugota informacija gali b\u016bti siun\u010diama atgal \u012f m\u016bs\u0173 arba atitinkam\u0173 tre\u010di\u0173j\u0173 \u0161ali\u0173 serverius kito apsilankymo metu. <\/p>\n\n<div style=\"height:50px\" aria-hidden=\"true\" class=\"wp-block-spacer\"><\/div>\n\n<h2 class=\"wp-block-heading\">3. Kas yra scenarijai?<\/h2>\n\n<p>Skriptas &#8211; tai kodo dalis, naudojama u\u017etikrinti, kad m\u016bs\u0173 svetain\u0117 veikt\u0173 teisingai ir interaktyviai.\n\u0160is kodas vykdomas m\u016bs\u0173 serveryje arba j\u016bs\u0173 \u012frenginyje. <\/p>\n\n<div style=\"height:50px\" aria-hidden=\"true\" class=\"wp-block-spacer\"><\/div>\n\n<h2 class=\"wp-block-heading\">4. Kas yra nematoma \u017eyma?<\/h2>\n\n<p>Nematoma \u017eyma (arba \u017einiatinklio \u0161vyturys) &#8211; tai nedidel\u0117 teksto ar vaizdo dalis, nematoma svetain\u0117je, naudojama svetain\u0117s srautui steb\u0117ti.\nTam nematomos \u017eym\u0117s saugo \u012fvairius duomenis apie jus. <\/p>\n\n<div style=\"height:50px\" aria-hidden=\"true\" class=\"wp-block-spacer\"><\/div>\n\n<h2 class=\"wp-block-heading\">5. Slapukai<\/h2>\n\n<p>5.1 Techniniai arba funkciniai slapukai<\/p>\n\n<p>Tam tikri slapukai u\u017etikrina, kad tam tikros svetain\u0117s dalys veikt\u0173 tinkamai ir kad b\u016bt\u0173 atsi\u017evelgta \u012f j\u016bs\u0173, kaip naudotojo, pageidavimus.\nNustatydami funkcinius slapukus, palengviname j\u016bs\u0173 apsilankym\u0105 m\u016bs\u0173 svetain\u0117je.\nPavyzd\u017eiui, lankantis m\u016bs\u0173 svetain\u0117je nereikia kelis kartus \u012fvesti tos pa\u010dios informacijos, o prek\u0117s lieka pirkini\u0173 krep\u0161elyje, kol jas apmokate.\n\u0160iuos slapukus galime \u012fdiegti be j\u016bs\u0173 sutikimo.   <\/p>\n\n<div style=\"height:50px\" aria-hidden=\"true\" class=\"wp-block-spacer\"><\/div>\n\n<p>5.2 Rinkodaros ir (arba) sekimo slapukai<\/p>\n\n<p>Rinkodaros ir (arba) sekimo slapukai &#8211; tai slapukai arba bet kokios kitos formos vietin\u0117s atmintin\u0117s, naudojamos naudotoj\u0173 profiliams kurti, kad b\u016bt\u0173 galima rodyti reklam\u0105 arba sekti naudotoj\u0105 \u0161ioje svetain\u0117je arba keliose svetain\u0117se pana\u0161iais rinkodaros tikslais.<\/p>\n\n<div style=\"height:50px\" aria-hidden=\"true\" class=\"wp-block-spacer\"><\/div>\n\n<h2 class=\"wp-block-heading\">6. Sutikimas<\/h2>\n\n<p>Kai pirm\u0105 kart\u0105 apsilankysite m\u016bs\u0173 svetain\u0117je, jums bus parodytas i\u0161\u0161okantis langas su paai\u0161kinimu apie slapukus.\nSpustel\u0117j\u0119 mygtuk\u0105 &#8222;I\u0161saugoti nuostatas&#8221;, suteikiate mums leidim\u0105 naudoti i\u0161kylan\u010diajame lange pasirinktas slapuk\u0173 ir pl\u0117tini\u0173 kategorijas, kaip apra\u0161yta \u0161ioje slapuk\u0173 politikoje.\nSlapuk\u0173 naudojim\u0105 galite i\u0161jungti per savo nar\u0161ykl\u0119, ta\u010diau atkreipkite d\u0117mes\u012f, kad m\u016bs\u0173 svetain\u0117 gali nebeveikti tinkamai.  <\/p>\n\n<div style=\"height:50px\" aria-hidden=\"true\" class=\"wp-block-spacer\"><\/div>\n\n<h2 class=\"wp-block-heading\">7. J\u016bs\u0173 teis\u0117s, susijusios su asmens duomenimis<\/h2>\n\n<p>Turite \u0161ias teises, susijusias su j\u016bs\u0173 asmens duomenimis:<\/p>\n\n<ul class=\"wp-block-list\">\n<li>Turite teis\u0119 \u017einoti, kam reikalingi j\u016bs\u0173 asmens duomenys, kas su jais bus daroma ir kiek laiko jie bus saugomi.<\/li>\n\n\n\n<li>Teis\u0117 susipa\u017einti: turite teis\u0119 susipa\u017einti su mums \u017einomais savo asmens duomenimis.<\/li>\n\n\n\n<li>Teis\u0117 i\u0161taisyti: turite teis\u0119 bet kada papildyti, i\u0161taisyti, i\u0161trinti ar blokuoti savo asmens duomenis.<\/li>\n\n\n\n<li>Jei dav\u0117te mums sutikim\u0105 tvarkyti j\u016bs\u0173 duomenis, turite teis\u0119 at\u0161aukti \u0161\u012f sutikim\u0105 ir i\u0161trinti savo asmens duomenis.<\/li>\n\n\n\n<li>Teis\u0117 perkelti savo duomenis: turite teis\u0119 reikalauti, kad duomen\u0173 valdytojas perduot\u0173 visus j\u016bs\u0173 asmens duomenis, ir perduoti juos visus kitam duomen\u0173 valdytojui.<\/li>\n\n\n\n<li>Teis\u0117 nesutikti: galite nesutikti, kad j\u016bs\u0173 duomenys b\u016bt\u0173 tvarkomi.\nMes laikysim\u0117s \u0161io reikalavimo, nebent tam b\u016bt\u0173 pagrindo. <\/li>\n<\/ul>\n\n<p>Nor\u0117dami pasinaudoti \u0161iomis teis\u0117mis, susisiekite su mumis.\nKontaktin\u0119 informacij\u0105 rasite \u0161ios slapuk\u0173 politikos apa\u010dioje.\nJei turite skund\u0105 d\u0117l to, kaip tvarkome j\u016bs\u0173 duomenis, nor\u0117tume j\u012f i\u0161girsti, ta\u010diau taip pat turite teis\u0119 pateikti skund\u0105 prie\u017ei\u016bros institucijai (duomen\u0173 apsaugos institucijai, pvz., EDAPP).  <\/p>\n\n<div style=\"height:50px\" aria-hidden=\"true\" class=\"wp-block-spacer\"><\/div>\n\n<h2 class=\"wp-block-heading\">8. Slapuk\u0173 \u012fjungimas\/i\u0161jungimas ir i\u0161trynimas<\/h2>\n\n<p>Galite naudoti savo \u017einiatinklio nar\u0161ykl\u0119, kad slapukai b\u016bt\u0173 i\u0161trinti automati\u0161kai arba rankiniu b\u016bdu.\nTaip pat galite nurodyti, kad tam tikri slapukai negali b\u016bti \u012fra\u0161omi.\nKita galimyb\u0117 &#8211; pakeisti nar\u0161ykl\u0117s nustatymus taip, kad kiekvien\u0105 kart\u0105, kai nustatomas slapukas, gautum\u0117te prane\u0161im\u0105.\nDaugiau informacijos apie \u0161ias parinktis rasite nar\u0161ykl\u0117s pagalbos skiltyje pateiktose instrukcijose.   <\/p>\n\n<p>Atkreipkite d\u0117mes\u012f, kad m\u016bs\u0173 svetain\u0117 gali tinkamai neveikti, jei visi slapukai yra i\u0161jungti.\nJei i\u0161trinsite slapukus i\u0161 savo nar\u0161ykl\u0117s, jie v\u0117l bus \u012fd\u0117ti su j\u016bs\u0173 sutikimu, kai v\u0117l apsilankysite m\u016bs\u0173 svetain\u0117se. <\/p>\n\n<div style=\"height:50px\" aria-hidden=\"true\" class=\"wp-block-spacer\"><\/div>\n","protected":false},"excerpt":{"rendered":"<p>1. \u012evadas M\u016bs\u0173 svetain\u0117je https:\/\/www.ecsi-landes.fr\/ (toliau &#8211; svetain\u0117) naudojami slapukai ir kitos susijusios technologijos (paprastumo d\u0117lei visos \u0161ios technologijos vadinamos slapukais). Slapukus taip pat naudoja m\u016bs\u0173 pasitelktos tre\u010diosios \u0161alys. Toliau pateiktame dokumente informuojame jus apie slapuk\u0173 naudojim\u0105 m\u016bs\u0173 interneto svetain\u0117je. 2. Kas yra slapukai? Slapukas &#8211; tai nedidelis paprastas failas, siun\u010diamas kartu su \u0161ios svetain\u0117s [&hellip;]<\/p>\n","protected":false},"author":1,"featured_media":0,"parent":0,"menu_order":0,"comment_status":"closed","ping_status":"closed","template":"","meta":{"_acf_changed":false,"inline_featured_image":false,"footnotes":""},"categories":[65],"tags":[],"class_list":["post-1085","page","type-page","status-publish","hentry","category-teisinis"],"acf":[],"_links":{"self":[{"href":"https:\/\/www.emergingskills.eu\/lt\/wp-json\/wp\/v2\/pages\/1085","targetHints":{"allow":["GET"]}}],"collection":[{"href":"https:\/\/www.emergingskills.eu\/lt\/wp-json\/wp\/v2\/pages"}],"about":[{"href":"https:\/\/www.emergingskills.eu\/lt\/wp-json\/wp\/v2\/types\/page"}],"author":[{"embeddable":true,"href":"https:\/\/www.emergingskills.eu\/lt\/wp-json\/wp\/v2\/users\/1"}],"replies":[{"embeddable":true,"href":"https:\/\/www.emergingskills.eu\/lt\/wp-json\/wp\/v2\/comments?post=1085"}],"version-history":[{"count":1,"href":"https:\/\/www.emergingskills.eu\/lt\/wp-json\/wp\/v2\/pages\/1085\/revisions"}],"predecessor-version":[{"id":1086,"href":"https:\/\/www.emergingskills.eu\/lt\/wp-json\/wp\/v2\/pages\/1085\/revisions\/1086"}],"wp:attachment":[{"href":"https:\/\/www.emergingskills.eu\/lt\/wp-json\/wp\/v2\/media?parent=1085"}],"wp:term":[{"taxonomy":"category","embeddable":true,"href":"https:\/\/www.emergingskills.eu\/lt\/wp-json\/wp\/v2\/categories?post=1085"},{"taxonomy":"post_tag","embeddable":true,"href":"https:\/\/www.emergingskills.eu\/lt\/wp-json\/wp\/v2\/tags?post=1085"}],"curies":[{"name":"wp","href":"https:\/\/api.w.org\/{rel}","templated":true}]}}